{"id":2,"date":"2015-02-06T02:04:45","date_gmt":"2015-02-06T02:04:45","guid":{"rendered":"http:\/\/lanasdelgalpon.cl\/site\/?page_id=2"},"modified":"2016-09-01T22:05:09","modified_gmt":"2016-09-02T02:05:09","slug":"nuestra-historia-familia-dick-leigh","status":"publish","type":"page","link":"http:\/\/lanasdelgalpon.cl\/site\/nuestra-historia-familia-dick-leigh\/","title":{"rendered":"Nuestra Historia"},"content":{"rendered":"<div id=\"themify_builder_content-2\" data-postid=\"2\" class=\"themify_builder_content themify_builder_content-2 themify_builder themify_builder_front\">\n\n\t\t\t\t<!-- module_row -->\n\t\t\t<div  data-gutter=\"gutter-default\" class=\"themify_builder_row themify_builder_2_row module_row module_row_0 clearfix gutter-default col_align_top fullcover\" data-equal-column-height=\"\" data-column-alignment=\"col_align_top\">\n\n\t\t\n\t\t\t\t\n\t\t\t\t<div class=\"row_inner_wrapper\">\n\t\t\t\t\t<div class=\"row_inner\">\n\n\t\t\t\t\t\t\n\t\t\t\t\t\t\n\t\t\t\t\t\t\t\n\t\t<div  class=\"col-full first tb-column empty-column tb_2_column module_column_0 module_column\" >\n\n\t\t\t\n\t\t\t\n\t\t\t<div class=\"tb-column-inner\">\n\n\t\t\t\t\n\t\t\t\t\n\t\t\t\t\t&nbsp;\n\t\t\t\t\n\t\t\t<\/div><!-- \/.tb-column-inner -->\n\t\t\t\t\t<\/div>\n\t\t<!-- \/.tb-column -->\n\t\t\n\t\t\n\t\t\t\t\t\t\t\t\n\t\t\t\t\t\t\t\t\n\t\t\t\t\t\t\t\n\t\t\t\t\t\t<\/div>\n\t\t\t\t\t\t<!-- \/row_inner -->\n\t\t\t\t\t<\/div>\n\t\t\t\t\t<!-- \/row_inner_wrapper -->\n\t\t\t\t<\/div>\n\t\t\t\t<!-- \/module_row -->\n\t\t\t\t\t<!-- module_row -->\n\t\t\t<div  data-gutter=\"gutter-default\" class=\"themify_builder_row themify_builder_2_row module_row module_row_1 clearfix gutter-default col_align_top fullheight\" data-equal-column-height=\"\" data-column-alignment=\"col_align_top\">\n\n\t\t\n\t\t\t\t\n\t\t\t\t<div class=\"row_inner_wrapper\">\n\t\t\t\t\t<div class=\"row_inner\">\n\n\t\t\t\t\t\t\n\t\t\t\t\t\t\n\t\t\t\t\t\t\t\n\t\t<div  class=\"col-full first tb-column  tb_2_column module_column_0 module_column\" >\n\n\t\t\t\n\t\t\t\n\t\t\t<div class=\"tb-column-inner\">\n\n\t\t\t\t\n\t\t\t\t\n\t\t\t\t\t<div class=\"themify_builder_sub_row clearfix gutter-default   sub_row_1-0-1\"  >\n\t\t\t\t\t\t\t\t\n\t\t\t\t\t\t\t\t\t<div  class=\"col4-3 first sub_column sub_column_1-0-1-0 sub_column_post_2\" >\n\t\t\n\t\t\n\t\t\t\t\t\n<!-- module text -->\n<div id=\"text-2-sub_row_1-0-1-0-0\" class=\"module module-text text-2-sub_row_1-0-1-0-0   \">\n\t\n\t\n\t<h1>La Historia del Galp\u00f3n<\/h1><p>La familia Dick Leigh desciende de los primeros pioneros escoceses que llegaron a ocupar la Patagonia y que tra\u00edan la tradici\u00f3n de la ganader\u00eda ovina de Escocia.<\/p><p>Como una forma de diversificar la actividad, en los comienzos de los a\u00f1os 1980 se abri\u00f3 las puertas de la Estancia Penitente,\u00a0ubicada a 135 Km en la ruta 9 Norte de Punta Arenas, al turismo. De esta\u00a0experiencia descubrimos el inter\u00e9s que muchos tienen de conocer nuestra tierra, sus historias y tradiciones. As\u00ed nace la idea de incorporar un proceso adicional a la cadena productiva de la lana, considerando el gran inter\u00e9s de los turistas de llevar un souvenir que represente al lugar visitado.<\/p><p>Luego de algunos a\u00f1os, instalamos una peque\u00f1a hilander\u00eda que permite procesar lana de oveja, llama, alpaca y guanaco.<\/p><p>Est\u00e1 ubicada muy cerca de Punta Arenas en el Km 3,5 Sur donde tambi\u00e9n se encuentra el centro de eventos \u201cEl Galp\u00f3n\u201d, el Museo \u201cRa\u00edces de un Pionero\u201d y el Galp\u00f3n de\u00a0\u201cLa Esquila\u201d.<\/p>\n\t<\/div>\n<!-- \/module text -->\n\n\t\t\t\t\t<\/div><!-- \/sub_column --><div  class=\"col4-1 last sub_column sub_column_1-0-1-1 sub_column_post_2\" >\n\t\t\n\t\t\n\t\t\t\t\t\n<!-- module text -->\n<div id=\"text-2-sub_row_1-0-1-1-0\" class=\"module module-text text-2-sub_row_1-0-1-1-0   \">\n\t\n\t\n\t<h3>Loraine Leigh<\/h3>\n\t<\/div>\n<!-- \/module text -->\n\n<!-- module text -->\n<div id=\"text-2-sub_row_1-0-1-1-1\" class=\"module module-text text-2-sub_row_1-0-1-1-1   \">\n\t\n\t\n\t<p>Loraine ha\u00a0trabajado varios a\u00f1os en cer\u00e1mica, y gracias a sus diestras habilidades manuales, incursiona en el mundo de la lana, hilando a mano con una rueca y haciendo telares, usando lana de oveja y de llama que son animales que tenemos en el campo.<\/p><p>Si desea contactarnos para obtener m\u00e1s informaci\u00f3n sobre el proceso y producto de la lana, visite nuestra p\u00e1gina El Proceso haciendo click <a href=\"http:\/\/lanasdelgalpon.cl\/site\/el-proceso-de-la-produccion-de-lana\/\">aqu\u00ed<\/a> o escr\u00edbanos un E-mail haciendo click <a href=\"http:\/\/lanasdelgalpon.cl\/site\/formulario-de-contacto\/\">aqu\u00ed.<\/a><\/p>\n\t<\/div>\n<!-- \/module text -->\n\n\t\t\t\t\t<\/div><!-- \/sub_column --><\/div><!-- \/themify_builder_sub_row -->\n\t\t\t\t\n\t\t\t<\/div><!-- \/.tb-column-inner -->\n\t\t\t\t\t<\/div>\n\t\t<!-- \/.tb-column -->\n\t\t\n\t\t\n\t\t\t\t\t\t\t\t\n\t\t\t\t\t\t\t\t\n\t\t\t\t\t\t\t\n\t\t\t\t\t\t<\/div>\n\t\t\t\t\t\t<!-- \/row_inner -->\n\t\t\t\t\t<\/div>\n\t\t\t\t\t<!-- \/row_inner_wrapper -->\n\t\t\t\t<\/div>\n\t\t\t\t<!-- \/module_row -->\n\t\t<\/div>\n<!-- \/themify_builder_content -->","protected":false},"excerpt":{"rendered":"<p>La Historia del Galp\u00f3nLa familia Dick Leigh desciende de los primeros pioneros escoceses que llegaron a ocupar la Patagonia y que tra\u00edan la tradici\u00f3n de la ganader\u00eda ovina de Escocia.Como una forma de diversificar la actividad, en los comienzos de los a\u00f1os 1980 se abri\u00f3 las puertas de la Estancia Penitente,\u00a0ubicada a 135 Km en [&hellip;]<\/p>\n","protected":false},"author":1,"featured_media":0,"parent":0,"menu_order":0,"comment_status":"closed","ping_status":"closed","template":"","meta":[],"_links":{"self":[{"href":"http:\/\/lanasdelgalpon.cl\/site\/wp-json\/wp\/v2\/pages\/2"}],"collection":[{"href":"http:\/\/lanasdelgalpon.cl\/site\/wp-json\/wp\/v2\/pages"}],"about":[{"href":"http:\/\/lanasdelgalpon.cl\/site\/wp-json\/wp\/v2\/types\/page"}],"author":[{"embeddable":true,"href":"http:\/\/lanasdelgalpon.cl\/site\/wp-json\/wp\/v2\/users\/1"}],"replies":[{"embeddable":true,"href":"http:\/\/lanasdelgalpon.cl\/site\/wp-json\/wp\/v2\/comments?post=2"}],"version-history":[{"count":4,"href":"http:\/\/lanasdelgalpon.cl\/site\/wp-json\/wp\/v2\/pages\/2\/revisions"}],"predecessor-version":[{"id":4200,"href":"http:\/\/lanasdelgalpon.cl\/site\/wp-json\/wp\/v2\/pages\/2\/revisions\/4200"}],"wp:attachment":[{"href":"http:\/\/lanasdelgalpon.cl\/site\/wp-json\/wp\/v2\/media?parent=2"}],"curies":[{"name":"wp","href":"https:\/\/api.w.org\/{rel}","templated":true}]}}