{"id":4111,"date":"2015-03-18T15:52:50","date_gmt":"2015-03-18T15:52:50","guid":{"rendered":"http:\/\/lanasdelgalpon.cl\/site\/nuestra-historia-copy\/"},"modified":"2015-05-11T16:00:33","modified_gmt":"2015-05-11T20:00:33","slug":"el-proceso-de-la-produccion-de-lana","status":"publish","type":"page","link":"https:\/\/lanasdelgalpon.cl\/site\/el-proceso-de-la-produccion-de-lana\/","title":{"rendered":"El proceso de Producci\u00f3n de Lana"},"content":{"rendered":"<div id=\"themify_builder_content-4111\" data-postid=\"4111\" class=\"themify_builder_content themify_builder_content-4111 themify_builder themify_builder_front\">\n\n\t\t\t\t<!-- module_row -->\n\t\t\t<div  data-gutter=\"gutter-default\" class=\"themify_builder_row themify_builder_4111_row module_row module_row_0 clearfix gutter-default fullheight\" data-equal-column-height=\"\" data-column-alignment=\"\">\n\n\t\t\n\t\t\t\t\n\t\t\t\t<div class=\"row_inner_wrapper\">\n\t\t\t\t\t<div class=\"row_inner\">\n\n\t\t\t\t\t\t\n\t\t\t\t\t\t\n\t\t\t\t\t\t\t\n\t\t<div  class=\"col-full first tb-column  tb_4111_column module_column\" >\n\n\t\t\t\n\t\t\t\n\t\t\t<div class=\"tb-column-inner\">\n\n\t\t\t\t\n\t\t\t\t\n\t\t\t\t\t<div class=\"themify_builder_sub_row clearfix gutter-default   sub_row_0-0-1\"  >\n\t\t\t\t\t\t\t\t\n\t\t\t\t\t\t\t\t\t<div  class=\"col4-3 first sub_column sub_column_0-0-1-0 sub_column_post_4111\" >\n\t\t\n\t\t\n\t\t\t\t\t\n<!-- module text -->\n<div id=\"text-4111-sub_row_0-0-1-0-0\" class=\"module module-text text-4111-sub_row_0-0-1-0-0   \">\n\t\n\t\n\t<p style=\"text-align: left;\"><span style=\"text-align: center; font-size: 40px; line-height: 130%;\">Lana como Fibra Textil<\/span><\/p><p>La lana es la fibra textil de origen animal m\u00e1s importante, con caracter\u00edsticas naturales de elasticidad, poder fieltrante, hidrosc\u00f3pica, retenci\u00f3n de calor, suavidad, color, etc., y amigable con el medio ambiente al ser biodegradable y su producci\u00f3n no requerir el consumo de combustibles f\u00f3siles.<\/p><p>La historia de la oveja y la lana es m\u00edtica, y su trabajo de selecci\u00f3n ha sido un largo proceso que a\u00fan contin\u00faa en las Estancias de la Patagonia.<\/p><p>La principal raza ovina de esta zona es la Corridale, con finuras de la lana van en el rango de 26 a 29 micrones. Recientemente se han introducido otras razas de ovejas y cam\u00e9lidos como la llama y alpaca, cuyas fibras son m\u00e1s finas.<\/p><p>\u00a0<\/p><p style=\"text-align: left;\"><span style=\"text-align: center; font-size: 40px; line-height: 130%;\">\u00bfC\u00f3mo se produce una madeja?<\/span><\/p><p>Despu\u00e9s de haber esquilado el animal ya sea oveja o llama, se acondiciona clasificando y enfardando la lana o fibra. Esta materia prima (lana sucia sin elaborar) llega a nuestra planta donde comienza el proceso con su clasificaci\u00f3n y preparaci\u00f3n para el lavado.<\/p><p>Se lava con agua y detergentes biodegradables siendo secada en repisas a temperatura ambiente.<\/p><p>Luego comienzan los procesos mec\u00e1nicos en que el primero consiste en extraer las materias vegetales que puedan estar a\u00fan adheridas, continuando con el cardado que abre y alinea la lana o fibra obteniendo un cord\u00f3n de fibra que puede ser utilizado para hilar a mano o para hacer fieltro. Este producto es peinado e hilado d\u00e1ndole la torsi\u00f3n y grosor al hilo final que es presentado como madejas.<\/p>\n\t<\/div>\n<!-- \/module text -->\n\n\t\t\t\t\t<\/div><!-- \/sub_column --><div  class=\"col4-1 last sub_column sub_column_0-0-1-1 sub_column_post_4111\" >\n\t\t\n\t\t\n\t\t\t\t\t\n<!-- module slider image -->\n<div id=\"slider-4111-sub_row_0-0-1-1-0-loader\" class=\"themify_builder_slider_loader\" style=\"height:50px;\"><\/div>\n<div id=\"slider-4111-sub_row_0-0-1-1-0\" class=\"module module-slider slider-4111-sub_row_0-0-1-1-0 themify_builder_slider_wrap clearfix  slider-default  \">\n\n\t\n\t<ul class=\"themify_builder_slider\" \n\t\tdata-id=\"slider-4111-sub_row_0-0-1-1-0\" \n\t\tdata-visible=\"1\" \n\t\tdata-scroll=\"1\" \n\t\tdata-auto-scroll=\"4\"\n\t\tdata-speed=\"1\"\n\t\tdata-wrap=\"yes\"\n\t\tdata-arrow=\"yes\"\n\t\tdata-pagination=\"yes\"\n\t\tdata-effect=\"scroll\" \n\t\tdata-height=\"variable\" \n\t\tdata-pause-on-hover=\"resume\" >\n\n\t\t\t\t<li style=\" \">\n\n\t\t\t\t\t\t\t<div class=\"slide-image\">\n\t\t\t\t\t\t\t\t\t\t\t\t\t\t\t\t<img src=\"http:\/\/lanasdelgalpon.cl\/site\/wp-content\/uploads\/2014\/03\/UVOPTIK-Marcelo-Kunstmann-2.jpg\" class=\" wp-image-4158\" title=\"Esquilando\" alt=\"El proceso de Producci\u00f3n de Lana\" \/>\t\t\t\t\t\t\t\t\t<\/div><!-- \/slide-image -->\n\t\t\t\n\t\t\t\n\t\t<\/li>\n\t\t\t\t<li style=\" \">\n\n\t\t\t\t\t\t\t<div class=\"slide-image\">\n\t\t\t\t\t\t\t\t\t\t\t\t\t\t\t\t<img src=\"http:\/\/lanasdelgalpon.cl\/site\/wp-content\/uploads\/2014\/03\/UVOPTIK-Marcelo-Kunstmann-7.jpg\" class=\" wp-image-4157\" title=\"Herramientas de Esquila\" alt=\"El proceso de Producci\u00f3n de Lana\" \/>\t\t\t\t\t\t\t\t\t<\/div><!-- \/slide-image -->\n\t\t\t\n\t\t\t\n\t\t<\/li>\n\t\t\t\t<li style=\" \">\n\n\t\t\t\t\t\t\t<div class=\"slide-image\">\n\t\t\t\t\t\t\t\t\t\t\t\t\t\t\t\t<img src=\"http:\/\/lanasdelgalpon.cl\/site\/wp-content\/uploads\/2014\/03\/Lanas-del-Galpon-65.jpg\" class=\" wp-image-4128\" title=\"Lana esponjosa en secado\" alt=\"El proceso de Producci\u00f3n de Lana\" \/>\t\t\t\t\t\t\t\t\t<\/div><!-- \/slide-image -->\n\t\t\t\n\t\t\t\n\t\t<\/li>\n\t\t\t<\/ul><!-- \/themify_builder_slider -->\n\n<\/div>\n<!-- \/module slider image -->\n\n<!-- module text -->\n<div id=\"text-4111-sub_row_0-0-1-1-1\" class=\"module module-text text-4111-sub_row_0-0-1-1-1   \">\n\t\n\t\n\t<h3 style=\"text-align: center;\">Lana terminada<\/h3>\n\t<\/div>\n<!-- \/module text --><style type=\"text\/css\">.themify_builder .text-4111-sub_row_0-0-1-1-1.module-text { background-color: #82624b; background-color: rgba(130,98,75, 0.51); font-family: Palatino, 'Palatino Linotype', 'Book Antiqua', serif; color: #ffffff; font-size: 15px; line-height: 80%; padding-top: 20px; padding-right: 20px; padding-left: 20px; margin-top: 50px; margin-right: 15px; margin-bottom: -15px;  } \n.themify_builder .text-4111-sub_row_0-0-1-1-1.module-text h1 { font-family: Palatino, 'Palatino Linotype', 'Book Antiqua', serif; color: #ffffff;  } \n.themify_builder .text-4111-sub_row_0-0-1-1-1.module-text h2 { font-family: Palatino, 'Palatino Linotype', 'Book Antiqua', serif; color: #ffffff;  } \n.themify_builder .text-4111-sub_row_0-0-1-1-1.module-text h3:not(.module-title) { font-family: Palatino, 'Palatino Linotype', 'Book Antiqua', serif; color: #ffffff;  } \n.themify_builder .text-4111-sub_row_0-0-1-1-1.module-text h4 { font-family: Palatino, 'Palatino Linotype', 'Book Antiqua', serif; color: #ffffff;  } \n.themify_builder .text-4111-sub_row_0-0-1-1-1.module-text h5 { font-family: Palatino, 'Palatino Linotype', 'Book Antiqua', serif; color: #ffffff;  } \n.themify_builder .text-4111-sub_row_0-0-1-1-1.module-text h6 { font-family: Palatino, 'Palatino Linotype', 'Book Antiqua', serif; color: #ffffff;  } \n<\/style>\n\n<!-- module text -->\n<div id=\"text-4111-sub_row_0-0-1-1-2\" class=\"module module-text text-4111-sub_row_0-0-1-1-2   \">\n\t\n\t\n\t<p><a href=\"http:\/\/lanasdelgalpon.cl\/site\/wp-content\/uploads\/2014\/03\/Lanas-del-Galpon-24.jpg\"><img loading=\"lazy\" class=\"alignnone  wp-image-4094\" src=\"http:\/\/lanasdelgalpon.cl\/site\/wp-content\/uploads\/2014\/03\/Lanas-del-Galpon-24-300x225.jpg\" alt=\"Lanas del Galpon - 24\" width=\"270\" height=\"207\" \/><\/a><br \/> \u00abComenzamos a pensar en un trabajo m\u00e1s industrial, profesional, que permita obtener una materia prima m\u00e1s fina,\u00a0m\u00e1s uniforme para trabajar y as\u00ed, producir productos de mejor terminaci\u00f3n gran calidad.\u00bb<\/p><p><span style=\"font-size: 13px; line-height: 85%;\">Si desea conocer la historia de la familia, visite nuestra p\u00e1gina La Historia\u00a0haciendo click <a href=\"http:\/\/lanasdelgalpon.cl\/site\/nuestra-historia-familia-dick-leigh\/\" target=\"_blank\">aqu\u00ed<\/a> o escr\u00edbanos un E-mail haciendo click <a href=\"http:\/\/lanasdelgalpon.cl\/site\/formulario-de-contacto\" target=\"_blank\">aqu\u00ed.<\/a><\/span><\/p>\n\t<\/div>\n<!-- \/module text --><style type=\"text\/css\">.themify_builder .text-4111-sub_row_0-0-1-1-2.module-text { background-color: #85654d; background-color: rgba(133,101,77, 0.50); font-family: Palatino, 'Palatino Linotype', 'Book Antiqua', serif; color: #ffffff; font-size: 15px; line-height: 120%; padding-right: 20px; padding-bottom: 10px; padding-left: 20px; margin-right: 15px;  } \n.themify_builder .text-4111-sub_row_0-0-1-1-2.module-text h1 { font-family: Palatino, 'Palatino Linotype', 'Book Antiqua', serif; color: #ffffff;  } \n.themify_builder .text-4111-sub_row_0-0-1-1-2.module-text h2 { font-family: Palatino, 'Palatino Linotype', 'Book Antiqua', serif; color: #ffffff;  } \n.themify_builder .text-4111-sub_row_0-0-1-1-2.module-text h3:not(.module-title) { font-family: Palatino, 'Palatino Linotype', 'Book Antiqua', serif; color: #ffffff;  } \n.themify_builder .text-4111-sub_row_0-0-1-1-2.module-text h4 { font-family: Palatino, 'Palatino Linotype', 'Book Antiqua', serif; color: #ffffff;  } \n.themify_builder .text-4111-sub_row_0-0-1-1-2.module-text h5 { font-family: Palatino, 'Palatino Linotype', 'Book Antiqua', serif; color: #ffffff;  } \n.themify_builder .text-4111-sub_row_0-0-1-1-2.module-text h6 { font-family: Palatino, 'Palatino Linotype', 'Book Antiqua', serif; color: #ffffff;  } \n<\/style>\n\n\t\t\t\t\t<\/div><!-- \/sub_column --><\/div><!-- \/themify_builder_sub_row -->\n\t\t\t\t\n\t\t\t<\/div><!-- \/.tb-column-inner -->\n\t\t\t\t\t<\/div>\n\t\t<!-- \/.tb-column -->\n\t\t\n\t\t\n\t\t\t\t\t\t\t\t\n\t\t\t\t\t\t\t\t\n\t\t\t\t\t\t\t\n\t\t\t\t\t\t<\/div>\n\t\t\t\t\t\t<!-- \/row_inner -->\n\t\t\t\t\t<\/div>\n\t\t\t\t\t<!-- \/row_inner_wrapper -->\n\t\t\t\t<\/div>\n\t\t\t\t<!-- \/module_row -->\n\t\t<\/div>\n<!-- \/themify_builder_content -->","protected":false},"excerpt":{"rendered":"<p>Lana como Fibra TextilLa lana es la fibra textil de origen animal m\u00e1s importante, con caracter\u00edsticas naturales de elasticidad, poder fieltrante, hidrosc\u00f3pica, retenci\u00f3n de calor, suavidad, color, etc., y amigable con el medio ambiente al ser biodegradable y su producci\u00f3n no requerir el consumo de combustibles f\u00f3siles.La historia de la oveja y la lana es [&hellip;]<\/p>\n","protected":false},"author":1,"featured_media":0,"parent":0,"menu_order":0,"comment_status":"closed","ping_status":"closed","template":"","meta":[],"_links":{"self":[{"href":"https:\/\/lanasdelgalpon.cl\/site\/wp-json\/wp\/v2\/pages\/4111"}],"collection":[{"href":"https:\/\/lanasdelgalpon.cl\/site\/wp-json\/wp\/v2\/pages"}],"about":[{"href":"https:\/\/lanasdelgalpon.cl\/site\/wp-json\/wp\/v2\/types\/page"}],"author":[{"embeddable":true,"href":"https:\/\/lanasdelgalpon.cl\/site\/wp-json\/wp\/v2\/users\/1"}],"replies":[{"embeddable":true,"href":"https:\/\/lanasdelgalpon.cl\/site\/wp-json\/wp\/v2\/comments?post=4111"}],"version-history":[{"count":2,"href":"https:\/\/lanasdelgalpon.cl\/site\/wp-json\/wp\/v2\/pages\/4111\/revisions"}],"predecessor-version":[{"id":4113,"href":"https:\/\/lanasdelgalpon.cl\/site\/wp-json\/wp\/v2\/pages\/4111\/revisions\/4113"}],"wp:attachment":[{"href":"https:\/\/lanasdelgalpon.cl\/site\/wp-json\/wp\/v2\/media?parent=4111"}],"curies":[{"name":"wp","href":"https:\/\/api.w.org\/{rel}","templated":true}]}}